{"id":11,"date":"2016-12-29T18:23:47","date_gmt":"2016-12-30T00:23:47","guid":{"rendered":"http:\/\/spirochutes.com.mx\/?page_id=11"},"modified":"2022-08-16T12:41:55","modified_gmt":"2022-08-16T18:41:55","slug":"ducto-vertical","status":"publish","type":"page","link":"https:\/\/spirochutes.com.mx\/?page_id=11","title":{"rendered":"Cobertura"},"content":{"rendered":"<div id=\"pl-11\"  class=\"panel-layout\" ><div id=\"pg-11-0\"  class=\"panel-grid panel-has-style\" ><div style=\"padding: 100px 0; \" data-overlay=\"true\" data-overlay-color=\"#000000\" class=\"panel-row-style panel-row-style-for-11-0\" ><div id=\"pgc-11-0-0\"  class=\"panel-grid-cell\" ><div id=\"panel-11-0-0-0\" class=\"so-panel widget widget_media_image panel-first-child panel-last-child\" data-index=\"0\" ><div style=\"text-align: left;\" data-title-color=\"#443f3f\" data-headings-color=\"#443f3f\" class=\"panel-widget-style panel-widget-style-for-11-0-0-0\" ><img loading=\"lazy\" decoding=\"async\" width=\"582\" height=\"3512\" src=\"https:\/\/spirochutes.com.mx\/wp-content\/uploads\/2016\/12\/Nuestra-Com.jpg\" class=\"image wp-image-234  attachment-full size-full\" alt=\"\" style=\"max-width: 100%; height: auto;\" srcset=\"https:\/\/spirochutes.com.mx\/wp-content\/uploads\/2016\/12\/Nuestra-Com.jpg 582w, https:\/\/spirochutes.com.mx\/wp-content\/uploads\/2016\/12\/Nuestra-Com-230x1388.jpg 230w, https:\/\/spirochutes.com.mx\/wp-content\/uploads\/2016\/12\/Nuestra-Com-350x2112.jpg 350w, https:\/\/spirochutes.com.mx\/wp-content\/uploads\/2016\/12\/Nuestra-Com-480x2896.jpg 480w\" sizes=\"auto, (max-width: 582px) 100vw, 582px\" \/><\/div><\/div><\/div><div id=\"pgc-11-0-1\"  class=\"panel-grid-cell\" ><div id=\"panel-11-0-1-0\" class=\"so-panel widget widget_sow-headline panel-first-child\" data-index=\"1\" ><div style=\"text-align: left;\" data-title-color=\"#443f3f\" data-headings-color=\"#443f3f\" class=\"panel-widget-style panel-widget-style-for-11-0-1-0\" ><div\n\t\t\t\n\t\t\tclass=\"so-widget-sow-headline so-widget-sow-headline-default-ed0f0ec8109e-11\"\n\t\t\t\n\t\t><div class=\"sow-headline-container \">\n\t\t\t\t\t\t\t<h1 class=\"sow-headline\">\n\t\t\t\t\t\tNuestra\t\t\t\t\t\t<\/h1>\n\t\t\t\t\t\t\t\t\t\t\t<div class=\"decoration\">\n\t\t\t\t\t\t<div class=\"decoration-inside\"><\/div>\n\t\t\t\t\t<\/div>\n\t\t\t\t\t\t\t\t\t\t\t<h2 class=\"sow-sub-headline\">\n\t\t\t\t\t\tCompa\u00f1\u00eda\t\t\t\t\t\t<\/h2>\n\t\t\t\t\t\t<\/div>\n<\/div><\/div><\/div><div id=\"panel-11-0-1-1\" class=\"so-panel widget widget_sow-editor\" data-index=\"2\" ><div style=\"text-align: left;\" data-title-color=\"#443f3f\" data-headings-color=\"#443f3f\" class=\"panel-widget-style panel-widget-style-for-11-0-1-1\" ><div\n\t\t\t\n\t\t\tclass=\"so-widget-sow-editor so-widget-sow-editor-base\"\n\t\t\t\n\t\t>\n<div class=\"siteorigin-widget-tinymce textwidget\">\n\t<p>Ductos Verticales de M\u00e9xico SA de CV con nombre comercial SpiroChutes\/\/\/, Somos una empresa constituida en Guadalajara, Jalisco, MX. con proyecci\u00f3n nacional, siempre en busca de la innovaci\u00f3n y la calidad para ello presentamos nuestro Sistema Eficiente de Ductos Verticales para ca\u00edda por gravedad de Ropa Basura o Escombro de edificios, llamados comercialmente CHUTE.<\/p>\n<\/div>\n<\/div><\/div><\/div><div id=\"panel-11-0-1-2\" class=\"so-panel widget widget_sow-editor\" data-index=\"3\" ><div style=\"text-align: left;\" data-title-color=\"#443f3f\" data-headings-color=\"#443f3f\" class=\"panel-widget-style panel-widget-style-for-11-0-1-2\" ><div\n\t\t\t\n\t\t\tclass=\"so-widget-sow-editor so-widget-sow-editor-base\"\n\t\t\t\n\t\t>\n<div class=\"siteorigin-widget-tinymce textwidget\">\n\t<p>Como caracter\u00edstica principal nuestros Chutes son fabricados de acuerdo a los est\u00e1ndares de la NFPA USA (National Fire Protection Asociation), para brindar la seguridad, la resistencia y fiabilidad de est\u00e1ndares Americanos.\u00a0 \u00a0Nuestros productos cuentan con certificado UL, y atienden todas las recomendaciones de Protecci\u00f3n civil.\u00a0 \u00a0 Sabemos que cada construcci\u00f3n es diferente, es por ello que fabricamos el sistema a la medida de tus necesidades y tiempos.\u00a0 \u00a0Somos una empresa fabricante, es por eso que la calidad y los tiempos de entrega est\u00e1n garantizados.<\/p>\n<\/div>\n<\/div><\/div><\/div><div id=\"panel-11-0-1-3\" class=\"so-panel widget widget_siteorigin-panels-builder panel-last-child\" data-index=\"4\" ><div style=\"text-align: left;\" data-title-color=\"#443f3f\" data-headings-color=\"#443f3f\" class=\"panel-widget-style panel-widget-style-for-11-0-1-3\" ><div id=\"pl-w62fbe4f3c8ae0\"  class=\"panel-layout\" ><div id=\"pg-w62fbe4f3c8ae0-0\"  class=\"panel-grid panel-has-style\" ><div style=\"padding: 100px 0; \" data-overlay=\"true\" data-overlay-color=\"#000000\" class=\"panel-row-style panel-row-style-for-w62fbe4f3c8ae0-0\" ><div id=\"pgc-w62fbe4f3c8ae0-0-0\"  class=\"panel-grid-cell\" ><div id=\"panel-w62fbe4f3c8ae0-0-0-0\" class=\"so-panel widget widget_sow-editor panel-first-child\" data-index=\"0\" ><div style=\"text-align: left;\" data-title-color=\"#443f3f\" data-headings-color=\"#443f3f\" class=\"panel-widget-style panel-widget-style-for-w62fbe4f3c8ae0-0-0-0\" ><div\n\t\t\t\n\t\t\tclass=\"so-widget-sow-editor so-widget-sow-editor-base\"\n\t\t\t\n\t\t>\n<div class=\"siteorigin-widget-tinymce textwidget\">\n\t<p>Cobertura en todo <strong>M\u00e9xico, Centroam\u00e9rica y el Caribe<\/strong>.<\/p>\n<p>Personal para atenci\u00f3n inmediata en las principales ciudades del Pa\u00eds.<\/p>\n<p>&nbsp;<\/p>\n<\/div>\n<\/div><\/div><\/div><div id=\"panel-w62fbe4f3c8ae0-0-0-1\" class=\"so-panel widget widget_sow-image panel-last-child\" data-index=\"1\" ><div style=\"text-align: left;\" data-title-color=\"#443f3f\" data-headings-color=\"#443f3f\" class=\"panel-widget-style panel-widget-style-for-w62fbe4f3c8ae0-0-0-1\" ><div\n\t\t\t\n\t\t\tclass=\"so-widget-sow-image so-widget-sow-image-default-8b5b6f678277\"\n\t\t\t\n\t\t>\n<div class=\"sow-image-container\">\n\t\t<img \n\tsrc=\"https:\/\/spirochutes.com.mx\/wp-content\/uploads\/2016\/12\/mapa1.jpg\" width=\"796\" height=\"640\" srcset=\"https:\/\/spirochutes.com.mx\/wp-content\/uploads\/2016\/12\/mapa1.jpg 796w, https:\/\/spirochutes.com.mx\/wp-content\/uploads\/2016\/12\/mapa1-300x241.jpg 300w, https:\/\/spirochutes.com.mx\/wp-content\/uploads\/2016\/12\/mapa1-768x617.jpg 768w, https:\/\/spirochutes.com.mx\/wp-content\/uploads\/2016\/12\/mapa1-230x185.jpg 230w, https:\/\/spirochutes.com.mx\/wp-content\/uploads\/2016\/12\/mapa1-350x281.jpg 350w, https:\/\/spirochutes.com.mx\/wp-content\/uploads\/2016\/12\/mapa1-480x386.jpg 480w\" sizes=\"(max-width: 796px) 100vw, 796px\" alt=\"\" \t\tclass=\"so-widget-image\"\/>\n\t<\/div>\n\n<\/div><\/div><\/div><\/div><div id=\"pgc-w62fbe4f3c8ae0-0-1\"  class=\"panel-grid-cell\" ><div id=\"panel-w62fbe4f3c8ae0-0-1-0\" class=\"so-panel widget widget_sow-editor panel-first-child\" data-index=\"2\" ><div style=\"text-align: center;\" data-title-color=\"#443f3f\" data-headings-color=\"#443f3f\" class=\"panel-widget-style panel-widget-style-for-w62fbe4f3c8ae0-0-1-0\" ><div\n\t\t\t\n\t\t\tclass=\"so-widget-sow-editor so-widget-sow-editor-base\"\n\t\t\t\n\t\t><h3 class=\"widget-title\">Dise\u00f1o<\/h3>\n<div class=\"siteorigin-widget-tinymce textwidget\">\n\t<p style=\"text-align: center;\">Una soluci\u00f3n a la medida de su proyecto.<\/p>\n<\/div>\n<\/div><\/div><\/div><div id=\"panel-w62fbe4f3c8ae0-0-1-1\" class=\"so-panel widget widget_sow-editor\" data-index=\"3\" ><div style=\"text-align: center;\" data-title-color=\"#443f3f\" data-headings-color=\"#443f3f\" class=\"panel-widget-style panel-widget-style-for-w62fbe4f3c8ae0-0-1-1\" ><div\n\t\t\t\n\t\t\tclass=\"so-widget-sow-editor so-widget-sow-editor-base\"\n\t\t\t\n\t\t><h3 class=\"widget-title\">Fabricaci\u00f3n<\/h3>\n<div class=\"siteorigin-widget-tinymce textwidget\">\n\t<p style=\"text-align: center;\">Capacidad de producci\u00f3n para cumplir en tiempo y forma con sus pedidos.<\/p>\n<\/div>\n<\/div><\/div><\/div><div id=\"panel-w62fbe4f3c8ae0-0-1-2\" class=\"so-panel widget widget_sow-editor panel-last-child\" data-index=\"4\" ><div style=\"text-align: center;\" data-title-color=\"#443f3f\" data-headings-color=\"#443f3f\" class=\"panel-widget-style panel-widget-style-for-w62fbe4f3c8ae0-0-1-2\" ><div\n\t\t\t\n\t\t\tclass=\"so-widget-sow-editor so-widget-sow-editor-base\"\n\t\t\t\n\t\t><h3 class=\"widget-title\">Servicio<\/h3>\n<div class=\"siteorigin-widget-tinymce textwidget\">\n\t<p style=\"text-align: center;\">Estamos listos para atenderle en cualquier parte del Pa\u00eds, con personal altamente calificado.<\/p>\n<\/div>\n<\/div><\/div><\/div><\/div><\/div><\/div><\/div><\/div><\/div><\/div><\/div><\/div><\/div>","protected":false},"excerpt":{"rendered":"<p>Ductos Verticales de M\u00e9xico SA de CV con nombre comercial SpiroChutes\/\/\/, Somos una empresa constituida en Guadalajara, Jalisco, MX. con proyecci\u00f3n nacional, [&hellip;]<\/p>\n","protected":false},"author":1,"featured_media":135,"parent":0,"menu_order":0,"comment_status":"closed","ping_status":"closed","template":"page-templates\/page_fullwidth.php","meta":{"footnotes":""},"class_list":["post-11","page","type-page","status-publish","has-post-thumbnail","hentry"],"yoast_head":"<!-- This site is optimized with the Yoast SEO plugin v27.6 - https:\/\/yoast.com\/product\/yoast-seo-wordpress\/ -->\n<title>Cobertura - SpiroChutes \/\/\/<\/title>\n<meta name=\"robots\" content=\"index, follow, max-snippet:-1, max-image-preview:large, max-video-preview:-1\" \/>\n<link rel=\"canonical\" href=\"https:\/\/spirochutes.com.mx\/?page_id=11\" \/>\n<meta property=\"og:locale\" content=\"es_MX\" \/>\n<meta property=\"og:type\" content=\"article\" \/>\n<meta property=\"og:title\" content=\"Cobertura - SpiroChutes \/\/\/\" \/>\n<meta property=\"og:description\" content=\"Ductos Verticales de M\u00e9xico SA de CV con nombre comercial SpiroChutes\/\/\/, Somos una empresa constituida en Guadalajara, Jalisco, MX. con proyecci\u00f3n nacional, [&hellip;]\" \/>\n<meta property=\"og:url\" content=\"https:\/\/spirochutes.com.mx\/?page_id=11\" \/>\n<meta property=\"og:site_name\" content=\"SpiroChutes \/\/\/\" \/>\n<meta property=\"article:publisher\" content=\"https:\/\/www.facebook.com\/Spiroducto-de-Jalisco-168720126616063\/?ref=ts&amp;amp%3bamp%3bamp%3bfref=ts\" \/>\n<meta property=\"article:modified_time\" content=\"2022-08-16T18:41:55+00:00\" \/>\n<meta property=\"og:image\" content=\"http:\/\/spirochutes.com.mx\/wp-content\/uploads\/2016\/12\/e835b70f21f01c3e815d4401ee514792eb74e1dc1eb11644_1920.jpg\" \/>\n\t<meta property=\"og:image:width\" content=\"1920\" \/>\n\t<meta property=\"og:image:height\" content=\"1920\" \/>\n\t<meta property=\"og:image:type\" content=\"image\/jpeg\" \/>\n<meta name=\"twitter:card\" content=\"summary_large_image\" \/>\n<meta name=\"twitter:site\" content=\"@Spiroducto_Jal\" \/>\n<meta name=\"twitter:label1\" content=\"Tiempo de lectura\" \/>\n\t<meta name=\"twitter:data1\" content=\"1 minuto\" \/>\n<script type=\"application\/ld+json\" class=\"yoast-schema-graph\">{\"@context\":\"https:\\\/\\\/schema.org\",\"@graph\":[{\"@type\":\"WebPage\",\"@id\":\"https:\\\/\\\/spirochutes.com.mx\\\/?page_id=11\",\"url\":\"https:\\\/\\\/spirochutes.com.mx\\\/?page_id=11\",\"name\":\"Cobertura - SpiroChutes \\\/\\\/\\\/\",\"isPartOf\":{\"@id\":\"https:\\\/\\\/spirochutes.com.mx\\\/#website\"},\"primaryImageOfPage\":{\"@id\":\"https:\\\/\\\/spirochutes.com.mx\\\/?page_id=11#primaryimage\"},\"image\":{\"@id\":\"https:\\\/\\\/spirochutes.com.mx\\\/?page_id=11#primaryimage\"},\"thumbnailUrl\":\"https:\\\/\\\/spirochutes.com.mx\\\/wp-content\\\/uploads\\\/2016\\\/12\\\/e835b70f21f01c3e815d4401ee514792eb74e1dc1eb11644_1920.jpg\",\"datePublished\":\"2016-12-30T00:23:47+00:00\",\"dateModified\":\"2022-08-16T18:41:55+00:00\",\"breadcrumb\":{\"@id\":\"https:\\\/\\\/spirochutes.com.mx\\\/?page_id=11#breadcrumb\"},\"inLanguage\":\"es\",\"potentialAction\":[{\"@type\":\"ReadAction\",\"target\":[\"https:\\\/\\\/spirochutes.com.mx\\\/?page_id=11\"]}]},{\"@type\":\"ImageObject\",\"inLanguage\":\"es\",\"@id\":\"https:\\\/\\\/spirochutes.com.mx\\\/?page_id=11#primaryimage\",\"url\":\"https:\\\/\\\/spirochutes.com.mx\\\/wp-content\\\/uploads\\\/2016\\\/12\\\/e835b70f21f01c3e815d4401ee514792eb74e1dc1eb11644_1920.jpg\",\"contentUrl\":\"https:\\\/\\\/spirochutes.com.mx\\\/wp-content\\\/uploads\\\/2016\\\/12\\\/e835b70f21f01c3e815d4401ee514792eb74e1dc1eb11644_1920.jpg\",\"width\":1920,\"height\":1920},{\"@type\":\"BreadcrumbList\",\"@id\":\"https:\\\/\\\/spirochutes.com.mx\\\/?page_id=11#breadcrumb\",\"itemListElement\":[{\"@type\":\"ListItem\",\"position\":1,\"name\":\"Inicio\",\"item\":\"https:\\\/\\\/spirochutes.com.mx\\\/\"},{\"@type\":\"ListItem\",\"position\":2,\"name\":\"Cobertura\"}]},{\"@type\":\"WebSite\",\"@id\":\"https:\\\/\\\/spirochutes.com.mx\\\/#website\",\"url\":\"https:\\\/\\\/spirochutes.com.mx\\\/\",\"name\":\"SpiroChutes \\\/\\\/\\\/\",\"description\":\"Ductos Verticales de M\u00e9xico SA de CV\",\"potentialAction\":[{\"@type\":\"SearchAction\",\"target\":{\"@type\":\"EntryPoint\",\"urlTemplate\":\"https:\\\/\\\/spirochutes.com.mx\\\/?s={search_term_string}\"},\"query-input\":{\"@type\":\"PropertyValueSpecification\",\"valueRequired\":true,\"valueName\":\"search_term_string\"}}],\"inLanguage\":\"es\"}]}<\/script>\n<!-- \/ Yoast SEO plugin. -->","yoast_head_json":{"title":"Cobertura - SpiroChutes \/\/\/","robots":{"index":"index","follow":"follow","max-snippet":"max-snippet:-1","max-image-preview":"max-image-preview:large","max-video-preview":"max-video-preview:-1"},"canonical":"https:\/\/spirochutes.com.mx\/?page_id=11","og_locale":"es_MX","og_type":"article","og_title":"Cobertura - SpiroChutes \/\/\/","og_description":"Ductos Verticales de M\u00e9xico SA de CV con nombre comercial SpiroChutes\/\/\/, Somos una empresa constituida en Guadalajara, Jalisco, MX. con proyecci\u00f3n nacional, [&hellip;]","og_url":"https:\/\/spirochutes.com.mx\/?page_id=11","og_site_name":"SpiroChutes \/\/\/","article_publisher":"https:\/\/www.facebook.com\/Spiroducto-de-Jalisco-168720126616063\/?ref=ts&amp%3bamp%3bamp%3bfref=ts","article_modified_time":"2022-08-16T18:41:55+00:00","og_image":[{"width":1920,"height":1920,"url":"http:\/\/spirochutes.com.mx\/wp-content\/uploads\/2016\/12\/e835b70f21f01c3e815d4401ee514792eb74e1dc1eb11644_1920.jpg","type":"image\/jpeg"}],"twitter_card":"summary_large_image","twitter_site":"@Spiroducto_Jal","twitter_misc":{"Tiempo de lectura":"1 minuto"},"schema":{"@context":"https:\/\/schema.org","@graph":[{"@type":"WebPage","@id":"https:\/\/spirochutes.com.mx\/?page_id=11","url":"https:\/\/spirochutes.com.mx\/?page_id=11","name":"Cobertura - SpiroChutes \/\/\/","isPartOf":{"@id":"https:\/\/spirochutes.com.mx\/#website"},"primaryImageOfPage":{"@id":"https:\/\/spirochutes.com.mx\/?page_id=11#primaryimage"},"image":{"@id":"https:\/\/spirochutes.com.mx\/?page_id=11#primaryimage"},"thumbnailUrl":"https:\/\/spirochutes.com.mx\/wp-content\/uploads\/2016\/12\/e835b70f21f01c3e815d4401ee514792eb74e1dc1eb11644_1920.jpg","datePublished":"2016-12-30T00:23:47+00:00","dateModified":"2022-08-16T18:41:55+00:00","breadcrumb":{"@id":"https:\/\/spirochutes.com.mx\/?page_id=11#breadcrumb"},"inLanguage":"es","potentialAction":[{"@type":"ReadAction","target":["https:\/\/spirochutes.com.mx\/?page_id=11"]}]},{"@type":"ImageObject","inLanguage":"es","@id":"https:\/\/spirochutes.com.mx\/?page_id=11#primaryimage","url":"https:\/\/spirochutes.com.mx\/wp-content\/uploads\/2016\/12\/e835b70f21f01c3e815d4401ee514792eb74e1dc1eb11644_1920.jpg","contentUrl":"https:\/\/spirochutes.com.mx\/wp-content\/uploads\/2016\/12\/e835b70f21f01c3e815d4401ee514792eb74e1dc1eb11644_1920.jpg","width":1920,"height":1920},{"@type":"BreadcrumbList","@id":"https:\/\/spirochutes.com.mx\/?page_id=11#breadcrumb","itemListElement":[{"@type":"ListItem","position":1,"name":"Inicio","item":"https:\/\/spirochutes.com.mx\/"},{"@type":"ListItem","position":2,"name":"Cobertura"}]},{"@type":"WebSite","@id":"https:\/\/spirochutes.com.mx\/#website","url":"https:\/\/spirochutes.com.mx\/","name":"SpiroChutes \/\/\/","description":"Ductos Verticales de M\u00e9xico SA de CV","potentialAction":[{"@type":"SearchAction","target":{"@type":"EntryPoint","urlTemplate":"https:\/\/spirochutes.com.mx\/?s={search_term_string}"},"query-input":{"@type":"PropertyValueSpecification","valueRequired":true,"valueName":"search_term_string"}}],"inLanguage":"es"}]}},"_links":{"self":[{"href":"https:\/\/spirochutes.com.mx\/index.php?rest_route=\/wp\/v2\/pages\/11","targetHints":{"allow":["GET"]}}],"collection":[{"href":"https:\/\/spirochutes.com.mx\/index.php?rest_route=\/wp\/v2\/pages"}],"about":[{"href":"https:\/\/spirochutes.com.mx\/index.php?rest_route=\/wp\/v2\/types\/page"}],"author":[{"embeddable":true,"href":"https:\/\/spirochutes.com.mx\/index.php?rest_route=\/wp\/v2\/users\/1"}],"replies":[{"embeddable":true,"href":"https:\/\/spirochutes.com.mx\/index.php?rest_route=%2Fwp%2Fv2%2Fcomments&post=11"}],"version-history":[{"count":25,"href":"https:\/\/spirochutes.com.mx\/index.php?rest_route=\/wp\/v2\/pages\/11\/revisions"}],"predecessor-version":[{"id":561,"href":"https:\/\/spirochutes.com.mx\/index.php?rest_route=\/wp\/v2\/pages\/11\/revisions\/561"}],"wp:featuredmedia":[{"embeddable":true,"href":"https:\/\/spirochutes.com.mx\/index.php?rest_route=\/wp\/v2\/media\/135"}],"wp:attachment":[{"href":"https:\/\/spirochutes.com.mx\/index.php?rest_route=%2Fwp%2Fv2%2Fmedia&parent=11"}],"curies":[{"name":"wp","href":"https:\/\/api.w.org\/{rel}","templated":true}]}}