{"id":301,"date":"2018-10-16T13:57:15","date_gmt":"2018-10-16T19:57:15","guid":{"rendered":"http:\/\/spirochutes.com.mx\/?page_id=301"},"modified":"2024-04-02T18:48:23","modified_gmt":"2024-04-03T00:48:23","slug":"chute-para-escombro","status":"publish","type":"page","link":"https:\/\/spirochutes.com.mx\/?page_id=301","title":{"rendered":"Chute para Escombro"},"content":{"rendered":"<div id=\"pl-301\"  class=\"panel-layout\" ><div id=\"pg-301-0\"  class=\"panel-grid panel-has-style\" ><div style=\"padding: 100px 0; \" data-overlay=\"true\" class=\"panel-row-style panel-row-style-for-301-0\" ><div id=\"pgc-301-0-0\"  class=\"panel-grid-cell\" ><div id=\"panel-301-0-0-0\" class=\"so-panel widget widget_sow-editor panel-first-child\" data-index=\"0\" ><div style=\"text-align: left;\" data-title-color=\"#443f3f\" data-headings-color=\"#443f3f\" class=\"panel-widget-style panel-widget-style-for-301-0-0-0\" ><div\n\t\t\t\n\t\t\tclass=\"so-widget-sow-editor so-widget-sow-editor-base\"\n\t\t\t\n\t\t>\n<div class=\"siteorigin-widget-tinymce textwidget\">\n\t<p>Contamos con un Chute para Escombro en secciones que se puede armar facilmente en obra por personal del cliente.<\/p>\n<p>&nbsp;<\/p>\n<p>&nbsp;<\/p>\n<p>&nbsp;<\/p>\n<\/div>\n<\/div><\/div><\/div><div id=\"panel-301-0-0-1\" class=\"so-panel widget widget_sow-editor\" data-index=\"1\" ><div style=\"text-align: left;\" data-title-color=\"#443f3f\" data-headings-color=\"#443f3f\" class=\"panel-widget-style panel-widget-style-for-301-0-0-1\" ><div\n\t\t\t\n\t\t\tclass=\"so-widget-sow-editor so-widget-sow-editor-base\"\n\t\t\t\n\t\t>\n<div class=\"siteorigin-widget-tinymce textwidget\">\n\t<p>La construcci\u00f3n est\u00e1ndar se soporta en cada nivel del edificio y consta de 1 secci\u00f3n de boca de admisi\u00f3n y 3 o m\u00e1s secciones rectas, sujetadas por una cadena que se ajusta f\u00e1cilmente a la altura del entrepiso.<\/p>\n<\/div>\n<\/div><\/div><\/div><div id=\"panel-301-0-0-2\" class=\"so-panel widget widget_sow-editor\" data-index=\"2\" ><div style=\"text-align: left;\" data-title-color=\"#443f3f\" data-headings-color=\"#443f3f\" class=\"panel-widget-style panel-widget-style-for-301-0-0-2\" ><div\n\t\t\t\n\t\t\tclass=\"so-widget-sow-editor so-widget-sow-editor-base\"\n\t\t\t\n\t\t>\n<div class=\"siteorigin-widget-tinymce textwidget\">\n\t<p>Contamos con diferentes tipos de soportes de acuerdo con las caracter\u00edsticas de la obra.<\/p>\n<\/div>\n<\/div><\/div><\/div><div id=\"panel-301-0-0-3\" class=\"so-panel widget widget_sow-editor panel-last-child\" data-index=\"3\" ><div style=\"text-align: left;\" data-title-color=\"#443f3f\" data-headings-color=\"#443f3f\" class=\"panel-widget-style panel-widget-style-for-301-0-0-3\" ><div\n\t\t\t\n\t\t\tclass=\"so-widget-sow-editor so-widget-sow-editor-base\"\n\t\t\t\n\t\t>\n<div class=\"siteorigin-widget-tinymce textwidget\">\n\t<p>2 personas en 3 horas podr\u00edan instalar el chute en un edificio de 10 pisos.<\/p>\n<\/div>\n<\/div><\/div><\/div><\/div><div id=\"pgc-301-0-1\"  class=\"panel-grid-cell\" ><div id=\"panel-301-0-1-0\" class=\"so-panel widget widget_sow-slider panel-first-child panel-last-child\" data-index=\"4\" ><div style=\"text-align: left;\" data-title-color=\"#443f3f\" data-headings-color=\"#443f3f\" class=\"panel-widget-style panel-widget-style-for-301-0-1-0\" ><div\n\t\t\t\n\t\t\tclass=\"so-widget-sow-slider so-widget-sow-slider-default-6d39609536fd-301\"\n\t\t\t\n\t\t>\t\t\t\t<div class=\"sow-slider-base\" style=\"display: none\" tabindex=\"0\">\n\t\t\t\t\t<ul\n\t\t\t\t\tclass=\"sow-slider-images\"\n\t\t\t\t\tdata-settings=\"{&quot;pagination&quot;:true,&quot;speed&quot;:3000,&quot;timeout&quot;:30000,&quot;paused&quot;:false,&quot;pause_on_hover&quot;:false,&quot;swipe&quot;:true,&quot;nav_always_show_desktop&quot;:&quot;&quot;,&quot;nav_always_show_mobile&quot;:true,&quot;breakpoint&quot;:&quot;780px&quot;,&quot;unmute&quot;:false,&quot;anchor&quot;:null}\"\n\t\t\t\t\t\t\t\t\t\tdata-anchor-id=\"\"\n\t\t\t\t>\t\t<li class=\"sow-slider-image\" style=\"visibility: visible;\" >\n\t\t\t\t\t\t<img loading=\"lazy\" decoding=\"async\" width=\"800\" height=\"800\" src=\"https:\/\/spirochutes.com.mx\/wp-content\/uploads\/2024\/04\/5591d3b6f8ab57df.jpg_20221111092518_800x800.webp\" class=\"sow-slider-background-image\" alt=\"\" style=\"\" srcset=\"https:\/\/spirochutes.com.mx\/wp-content\/uploads\/2024\/04\/5591d3b6f8ab57df.jpg_20221111092518_800x800.webp 800w, https:\/\/spirochutes.com.mx\/wp-content\/uploads\/2024\/04\/5591d3b6f8ab57df.jpg_20221111092518_800x800-300x300.webp 300w, https:\/\/spirochutes.com.mx\/wp-content\/uploads\/2024\/04\/5591d3b6f8ab57df.jpg_20221111092518_800x800-150x150.webp 150w, https:\/\/spirochutes.com.mx\/wp-content\/uploads\/2024\/04\/5591d3b6f8ab57df.jpg_20221111092518_800x800-768x768.webp 768w, https:\/\/spirochutes.com.mx\/wp-content\/uploads\/2024\/04\/5591d3b6f8ab57df.jpg_20221111092518_800x800-230x230.webp 230w, https:\/\/spirochutes.com.mx\/wp-content\/uploads\/2024\/04\/5591d3b6f8ab57df.jpg_20221111092518_800x800-350x350.webp 350w, https:\/\/spirochutes.com.mx\/wp-content\/uploads\/2024\/04\/5591d3b6f8ab57df.jpg_20221111092518_800x800-480x480.webp 480w\" sizes=\"auto, (max-width: 800px) 100vw, 800px\" \/>\t\t<\/li>\n\t\t\t\t<li class=\"sow-slider-image\" style=\"visibility: hidden;\" >\n\t\t\t\t\t\t<img loading=\"lazy\" decoding=\"async\" width=\"450\" height=\"451\" src=\"https:\/\/spirochutes.com.mx\/wp-content\/uploads\/2024\/04\/fijacion-en-losa.png\" class=\"sow-slider-background-image\" alt=\"\" style=\"\" srcset=\"https:\/\/spirochutes.com.mx\/wp-content\/uploads\/2024\/04\/fijacion-en-losa.png 450w, https:\/\/spirochutes.com.mx\/wp-content\/uploads\/2024\/04\/fijacion-en-losa-300x300.png 300w, https:\/\/spirochutes.com.mx\/wp-content\/uploads\/2024\/04\/fijacion-en-losa-150x150.png 150w, https:\/\/spirochutes.com.mx\/wp-content\/uploads\/2024\/04\/fijacion-en-losa-230x231.png 230w, https:\/\/spirochutes.com.mx\/wp-content\/uploads\/2024\/04\/fijacion-en-losa-350x351.png 350w\" sizes=\"auto, (max-width: 450px) 100vw, 450px\" \/>\t\t<\/li>\n\t\t\t\t<li class=\"sow-slider-image\" style=\"visibility: hidden;\" >\n\t\t\t\t\t\t<img loading=\"lazy\" decoding=\"async\" width=\"146\" height=\"158\" src=\"https:\/\/spirochutes.com.mx\/wp-content\/uploads\/2024\/04\/wrap.jpg\" class=\"sow-slider-background-image\" alt=\"\" style=\"\" \/>\t\t<\/li>\n\t\t\t\t<li class=\"sow-slider-image\" style=\"visibility: hidden;\" >\n\t\t\t\t\t\t<img loading=\"lazy\" decoding=\"async\" width=\"260\" height=\"415\" src=\"https:\/\/spirochutes.com.mx\/wp-content\/uploads\/2024\/04\/seccion-garganta.png\" class=\"sow-slider-background-image\" alt=\"\" style=\"\" srcset=\"https:\/\/spirochutes.com.mx\/wp-content\/uploads\/2024\/04\/seccion-garganta.png 260w, https:\/\/spirochutes.com.mx\/wp-content\/uploads\/2024\/04\/seccion-garganta-188x300.png 188w, https:\/\/spirochutes.com.mx\/wp-content\/uploads\/2024\/04\/seccion-garganta-230x367.png 230w\" sizes=\"auto, (max-width: 260px) 100vw, 260px\" \/>\t\t<\/li>\n\t\t\t\t<li class=\"sow-slider-image\" style=\"visibility: hidden;\" >\n\t\t\t\t\t\t<img loading=\"lazy\" decoding=\"async\" width=\"264\" height=\"434\" src=\"https:\/\/spirochutes.com.mx\/wp-content\/uploads\/2024\/04\/seccion-recta.png\" class=\"sow-slider-background-image\" alt=\"\" style=\"\" srcset=\"https:\/\/spirochutes.com.mx\/wp-content\/uploads\/2024\/04\/seccion-recta.png 264w, https:\/\/spirochutes.com.mx\/wp-content\/uploads\/2024\/04\/seccion-recta-182x300.png 182w, https:\/\/spirochutes.com.mx\/wp-content\/uploads\/2024\/04\/seccion-recta-230x378.png 230w\" sizes=\"auto, (max-width: 264px) 100vw, 264px\" \/>\t\t<\/li>\n\t\t\t\t<li class=\"sow-slider-image\" style=\"visibility: hidden;\" >\n\t\t\t\t\t\t<img loading=\"lazy\" decoding=\"async\" width=\"701\" height=\"495\" src=\"https:\/\/spirochutes.com.mx\/wp-content\/uploads\/2024\/04\/Imagen-de-WhatsApp-2023-12-04-a-las-19.54.00_5f27f74a.jpg\" class=\"sow-slider-background-image\" alt=\"\" style=\"\" srcset=\"https:\/\/spirochutes.com.mx\/wp-content\/uploads\/2024\/04\/Imagen-de-WhatsApp-2023-12-04-a-las-19.54.00_5f27f74a.jpg 701w, https:\/\/spirochutes.com.mx\/wp-content\/uploads\/2024\/04\/Imagen-de-WhatsApp-2023-12-04-a-las-19.54.00_5f27f74a-300x212.jpg 300w, https:\/\/spirochutes.com.mx\/wp-content\/uploads\/2024\/04\/Imagen-de-WhatsApp-2023-12-04-a-las-19.54.00_5f27f74a-230x162.jpg 230w, https:\/\/spirochutes.com.mx\/wp-content\/uploads\/2024\/04\/Imagen-de-WhatsApp-2023-12-04-a-las-19.54.00_5f27f74a-350x247.jpg 350w, https:\/\/spirochutes.com.mx\/wp-content\/uploads\/2024\/04\/Imagen-de-WhatsApp-2023-12-04-a-las-19.54.00_5f27f74a-480x339.jpg 480w\" sizes=\"auto, (max-width: 701px) 100vw, 701px\" \/>\t\t<\/li>\n\t\t\t\t<li class=\"sow-slider-image\" style=\"visibility: hidden;\" >\n\t\t\t\t\t\t<img loading=\"lazy\" decoding=\"async\" width=\"1600\" height=\"900\" src=\"https:\/\/spirochutes.com.mx\/wp-content\/uploads\/2024\/04\/Imagen-de-WhatsApp-2023-12-05-a-las-20.04.04_7ea51e9a.jpg\" class=\"sow-slider-background-image\" alt=\"\" style=\"\" srcset=\"https:\/\/spirochutes.com.mx\/wp-content\/uploads\/2024\/04\/Imagen-de-WhatsApp-2023-12-05-a-las-20.04.04_7ea51e9a.jpg 1600w, https:\/\/spirochutes.com.mx\/wp-content\/uploads\/2024\/04\/Imagen-de-WhatsApp-2023-12-05-a-las-20.04.04_7ea51e9a-300x169.jpg 300w, https:\/\/spirochutes.com.mx\/wp-content\/uploads\/2024\/04\/Imagen-de-WhatsApp-2023-12-05-a-las-20.04.04_7ea51e9a-1024x576.jpg 1024w, https:\/\/spirochutes.com.mx\/wp-content\/uploads\/2024\/04\/Imagen-de-WhatsApp-2023-12-05-a-las-20.04.04_7ea51e9a-768x432.jpg 768w, https:\/\/spirochutes.com.mx\/wp-content\/uploads\/2024\/04\/Imagen-de-WhatsApp-2023-12-05-a-las-20.04.04_7ea51e9a-1536x864.jpg 1536w, https:\/\/spirochutes.com.mx\/wp-content\/uploads\/2024\/04\/Imagen-de-WhatsApp-2023-12-05-a-las-20.04.04_7ea51e9a-1000x563.jpg 1000w, https:\/\/spirochutes.com.mx\/wp-content\/uploads\/2024\/04\/Imagen-de-WhatsApp-2023-12-05-a-las-20.04.04_7ea51e9a-230x129.jpg 230w, https:\/\/spirochutes.com.mx\/wp-content\/uploads\/2024\/04\/Imagen-de-WhatsApp-2023-12-05-a-las-20.04.04_7ea51e9a-350x197.jpg 350w, https:\/\/spirochutes.com.mx\/wp-content\/uploads\/2024\/04\/Imagen-de-WhatsApp-2023-12-05-a-las-20.04.04_7ea51e9a-480x270.jpg 480w\" sizes=\"auto, (max-width: 1600px) 100vw, 1600px\" \/>\t\t<\/li>\n\t\t<\/ul>\t\t\t\t<ol class=\"sow-slider-pagination\">\n\t\t\t\t\t\t\t\t\t\t\t<li><a href=\"#\" data-goto=\"0\" aria-label=\"Display slide 1\"><\/a><\/li>\n\t\t\t\t\t\t\t\t\t\t\t<li><a href=\"#\" data-goto=\"1\" aria-label=\"Display slide 2\"><\/a><\/li>\n\t\t\t\t\t\t\t\t\t\t\t<li><a href=\"#\" data-goto=\"2\" aria-label=\"Display slide 3\"><\/a><\/li>\n\t\t\t\t\t\t\t\t\t\t\t<li><a href=\"#\" data-goto=\"3\" aria-label=\"Display slide 4\"><\/a><\/li>\n\t\t\t\t\t\t\t\t\t\t\t<li><a href=\"#\" data-goto=\"4\" aria-label=\"Display slide 5\"><\/a><\/li>\n\t\t\t\t\t\t\t\t\t\t\t<li><a href=\"#\" data-goto=\"5\" aria-label=\"Display slide 6\"><\/a><\/li>\n\t\t\t\t\t\t\t\t\t\t\t<li><a href=\"#\" data-goto=\"6\" aria-label=\"Display slide 7\"><\/a><\/li>\n\t\t\t\t\t\t\t\t\t<\/ol>\n\n\t\t\t\t<div class=\"sow-slide-nav sow-slide-nav-next\">\n\t\t\t\t\t<a href=\"#\" data-goto=\"next\" aria-label=\"Next slide\" data-action=\"next\">\n\t\t\t\t\t\t<em class=\"sow-sld-icon-ultra-thin-rounded-right\"><\/em>\n\t\t\t\t\t<\/a>\n\t\t\t\t<\/div>\n\n\t\t\t\t<div class=\"sow-slide-nav sow-slide-nav-prev\">\n\t\t\t\t\t<a href=\"#\" data-goto=\"previous\" aria-label=\"Previous slide\" data-action=\"prev\">\n\t\t\t\t\t\t<em class=\"sow-sld-icon-ultra-thin-rounded-left\"><\/em>\n\t\t\t\t\t<\/a>\n\t\t\t\t<\/div>\n\t\t\t\t<\/div><\/div><\/div><\/div><\/div><\/div><\/div><div id=\"pg-301-1\"  class=\"panel-grid panel-has-style\" ><div style=\"padding: 35px 0; \" data-overlay=\"true\" class=\"panel-row-style panel-row-style-for-301-1\" ><div id=\"pgc-301-1-0\"  class=\"panel-grid-cell\" ><div id=\"panel-301-1-0-0\" class=\"so-panel widget widget_sow-features panel-first-child panel-last-child\" data-index=\"5\" ><div style=\"text-align: left;\" data-title-color=\"#443f3f\" data-headings-color=\"#443f3f\" class=\"panel-widget-style panel-widget-style-for-301-1-0-0\" ><div\n\t\t\t\n\t\t\tclass=\"so-widget-sow-features so-widget-sow-features-default-8180167195df-301\"\n\t\t\t\n\t\t><ul\n\tclass=\"sow-features-list\n\tsow-features-responsive\">\n\n\t\t\t<li\n\t\t\tclass=\"sow-features-feature sow-icon-container-position-top\"\n\t\t\tstyle=\"display: flex; flex-direction: column; width: calc(25% - 25px);\"\n\t\t>\n\t\t\t\n\t\t\t\t\t\t<div\t\t\t\tclass=\"sow-icon-container sow-container-square\"\n\t\t\t\tstyle=\"color: #ffffff; \"\n\t\t\t\t\n\t\t\t\t\t\t\t>\n\t\t\t\t\t\t\t\t\t\t<div class=\"sow-icon-image\" style=\"background-image: url(https:\/\/spirochutes.com.mx\/wp-content\/uploads\/2024\/04\/seccion-recta-182x300.png); font-size: 200px\"><\/div>\n\t\t\t\t\t\t\t\t\t<\/div>\n\n\t\t\t<div class=\"textwidget\">\n\t\t\t\t\n\t\t\t\t\t\t\t\t\t<h5 class=\"sow-features-feature-title\">\n\t\t\t\t\t\tInterior sin bordes\t\t\t\t\t<\/h5>\n\t\t\t\t\n\t\t\t\t\t\t\t\t\t<div class=\"sow-features-feature-text\">\n\t\t\t\t\t<p>La parte interior del ducto es totalmente lisa y sin bordes, lo que permite que el escombro se deslice sin golpes, reduciendo el ruido y el polvo causado al arrojarlo.<\/p>\n\t\t\t\t\t<\/div>\n\t\t\t\t\t\t\t\t<\/div>\n\t\t\t\t\t\t\t\t<\/li>\n\n\t\t\t<li\n\t\t\tclass=\"sow-features-feature sow-icon-container-position-top\"\n\t\t\tstyle=\"display: flex; flex-direction: column; width: calc(25% - 25px);\"\n\t\t>\n\t\t\t\n\t\t\t\t\t\t<div\t\t\t\tclass=\"sow-icon-container sow-container-square\"\n\t\t\t\tstyle=\"color: #ffffff; \"\n\t\t\t\t\n\t\t\t\t\t\t\t>\n\t\t\t\t\t\t\t\t\t\t<div class=\"sow-icon-image\" style=\"background-image: url(https:\/\/spirochutes.com.mx\/wp-content\/uploads\/2024\/04\/fijacion-en-losa.png); font-size: 200px\"><\/div>\n\t\t\t\t\t\t\t\t\t<\/div>\n\n\t\t\t<div class=\"textwidget\">\n\t\t\t\t\n\t\t\t\t\t\t\t\t\t<h5 class=\"sow-features-feature-title\">\n\t\t\t\t\t\tSecciones soportadas en cada piso\t\t\t\t\t<\/h5>\n\t\t\t\t\n\t\t\t\t\t\t\t\t\t<div class=\"sow-features-feature-text\">\n\t\t\t\t\t<p>Se soporta f\u00e1cilmente en la losa o en la ventana de cada piso y se descuelga por lo que no se necesitan escaleras andamios ni equipos especiales para la instalaci\u00f3n.<\/p>\n\t\t\t\t\t<\/div>\n\t\t\t\t\t\t\t\t<\/div>\n\t\t\t\t\t\t\t\t<\/li>\n\n\t\t\t<li\n\t\t\tclass=\"sow-features-feature sow-icon-container-position-top\"\n\t\t\tstyle=\"display: flex; flex-direction: column; width: calc(25% - 25px);\"\n\t\t>\n\t\t\t\n\t\t\t\t\t\t<div\t\t\t\tclass=\"sow-icon-container sow-container-square\"\n\t\t\t\tstyle=\"color: #ffffff; \"\n\t\t\t\t\n\t\t\t\t\t\t\t>\n\t\t\t\t\t\t\t\t\t\t<div class=\"sow-icon-image\" style=\"background-image: url(https:\/\/spirochutes.com.mx\/wp-content\/uploads\/2024\/04\/5591d3b6f8ab57df.jpg_20221111092518_800x800-300x300.webp); font-size: 200px\"><\/div>\n\t\t\t\t\t\t\t\t\t<\/div>\n\n\t\t\t<div class=\"textwidget\">\n\t\t\t\t\n\t\t\t\t\t\t\t\t\t<h5 class=\"sow-features-feature-title\">\n\t\t\t\t\t\tAltura Ajustable al Entrepiso\t\t\t\t\t<\/h5>\n\t\t\t\t\n\t\t\t\t\t\t\t\t\t<div class=\"sow-features-feature-text\">\n\t\t\t\t\t<p>El soporte por cadena permite que se ajuste perfectamente a la altura de cada entrepiso.<\/p>\n\t\t\t\t\t<\/div>\n\t\t\t\t\t\t\t\t<\/div>\n\t\t\t\t\t\t\t\t<\/li>\n\n\t\t\t<li\n\t\t\tclass=\"sow-features-feature sow-icon-container-position-top\"\n\t\t\tstyle=\"display: flex; flex-direction: column; width: calc(25% - 25px);\"\n\t\t>\n\t\t\t\n\t\t\t\t\t\t<div\t\t\t\tclass=\"sow-icon-container sow-container-square\"\n\t\t\t\tstyle=\"color: #ffffff; \"\n\t\t\t\t\n\t\t\t\t\t\t\t>\n\t\t\t\t\t\t\t\t\t\t<div class=\"sow-icon-image\" style=\"background-image: url(https:\/\/spirochutes.com.mx\/wp-content\/uploads\/2024\/04\/seccion-garganta.png); font-size: 200px\"><\/div>\n\t\t\t\t\t\t\t\t\t<\/div>\n\n\t\t\t<div class=\"textwidget\">\n\t\t\t\t\n\t\t\t\t\t\t\t\t\t<h5 class=\"sow-features-feature-title\">\n\t\t\t\t\t\tBoca de Admisi\u00f3n a la altura del piso\t\t\t\t\t<\/h5>\n\t\t\t\t\n\t\t\t\t\t\t\t\t\t<div class=\"sow-features-feature-text\">\n\t\t\t\t\t<p>Permite arrojar el escombro con m\u00e1s facilidad, la garganta cuenta con una pendiente para que los desechos se deslicen al interior del Chute.<\/p>\n\t\t\t\t\t<\/div>\n\t\t\t\t\t\t\t\t<\/div>\n\t\t\t\t\t\t\t\t<\/li>\n\n\t<\/ul>\n<\/div><\/div><\/div><\/div><\/div><\/div><div id=\"pg-301-2\"  class=\"panel-grid panel-has-style\" ><div style=\"padding: 100px 0; \" data-overlay=\"true\" class=\"panel-row-style panel-row-style-for-301-2\" ><div id=\"pgc-301-2-0\"  class=\"panel-grid-cell\" ><div id=\"panel-301-2-0-0\" class=\"so-panel widget widget_sow-editor panel-first-child\" data-index=\"6\" ><div style=\"text-align: left;\" data-title-color=\"#443f3f\" data-headings-color=\"#443f3f\" class=\"panel-widget-style panel-widget-style-for-301-2-0-0\" ><div\n\t\t\t\n\t\t\tclass=\"so-widget-sow-editor so-widget-sow-editor-base\"\n\t\t\t\n\t\t>\n<div class=\"siteorigin-widget-tinymce textwidget\">\n\t<h3 style=\"text-align: center;\"><u>Dise\u00f1o Tipo de la instalaci\u00f3n del Chute<\/u><\/h3><\/div>\n<\/div><\/div><\/div><div id=\"panel-301-2-0-1\" class=\"so-panel widget widget_sow-editor panel-last-child\" data-index=\"7\" ><div style=\"text-align: left;\" data-title-color=\"#443f3f\" data-headings-color=\"#443f3f\" class=\"panel-widget-style panel-widget-style-for-301-2-0-1\" ><div\n\t\t\t\n\t\t\tclass=\"so-widget-sow-editor so-widget-sow-editor-base\"\n\t\t\t\n\t\t>\n<div class=\"siteorigin-widget-tinymce textwidget\">\n\t<a href=\"https:\/\/spirochutes.com.mx\/wp-content\/uploads\/2018\/10\/Chute-Escombro-Layout1.pdf\" class=\"pdfemb-viewer\" style=\"width:1275px;height:1650px;\" data-width=\"1275\" data-height=\"1650\" data-toolbar=\"both\" data-toolbar-fixed=\"on\">Chute Escombro-Layout1<\/a><\/div>\n<\/div><\/div><\/div><\/div><\/div><\/div><div id=\"pg-301-3\"  class=\"panel-grid panel-has-style\" ><div style=\"padding: 100px 0; \" data-overlay=\"true\" class=\"panel-row-style panel-row-style-for-301-3\" ><div id=\"pgc-301-3-0\"  class=\"panel-grid-cell panel-grid-cell-empty\" ><\/div><div id=\"pgc-301-3-1\"  class=\"panel-grid-cell panel-grid-cell-mobile-last\" ><div id=\"panel-301-3-1-0\" class=\"so-panel widget widget_sow-editor panel-first-child panel-last-child\" data-index=\"8\" ><div style=\"text-align: left;\" data-title-color=\"#443f3f\" data-headings-color=\"#443f3f\" class=\"panel-widget-style panel-widget-style-for-301-3-1-0\" ><div\n\t\t\t\n\t\t\tclass=\"so-widget-sow-editor so-widget-sow-editor-base\"\n\t\t\t\n\t\t>\n<div class=\"siteorigin-widget-tinymce textwidget\">\n\t<h4 style=\"text-align: center;\">Env\u00edo a toda la Rep\u00fablica Mexicana.<\/h4>\n<p style=\"text-align: center;\">Disponible para Renta en las principales ciudades del Pa\u00eds.<\/p>\n<p style=\"text-align: center;\">Tenemos una soluci\u00f3n a la medida de su proyecto.<\/p>\n<p style=\"text-align: center;\">\u00a0<\/p><\/div>\n<\/div><\/div><\/div><\/div><div id=\"pgc-301-3-2\"  class=\"panel-grid-cell panel-grid-cell-empty\" ><\/div><\/div><\/div><\/div>","protected":false},"excerpt":{"rendered":"<p>Contamos con un Chute para Escombro en secciones que se puede armar facilmente en obra por personal del cliente. &nbsp; &nbsp; &nbsp;<\/p>\n","protected":false},"author":1,"featured_media":0,"parent":0,"menu_order":0,"comment_status":"closed","ping_status":"closed","template":"page-templates\/page_fullwidth.php","meta":{"footnotes":""},"class_list":["post-301","page","type-page","status-publish","hentry"],"yoast_head":"<!-- This site is optimized with the Yoast SEO plugin v27.4 - https:\/\/yoast.com\/product\/yoast-seo-wordpress\/ -->\n<title>Chute para Escombro - SpiroChutes \/\/\/<\/title>\n<meta name=\"description\" content=\"Contamos con un Chute para Escombro en secciones que se puede armar f\u00e1cilmente en obra por personal del cliente. La construcci\u00f3n est\u00e1ndar se soporta en cada nivel del edificio y consta de 1 secci\u00f3n de boca de admisi\u00f3n y 3 o m\u00e1s secciones rectas, sujetadas por una cadena que se ajusta f\u00e1cilmente a la altura del entrepiso.\" \/>\n<meta name=\"robots\" content=\"index, follow, max-snippet:-1, max-image-preview:large, max-video-preview:-1\" \/>\n<link rel=\"canonical\" href=\"https:\/\/spirochutes.com.mx\/?page_id=301\" \/>\n<meta property=\"og:locale\" content=\"es_MX\" \/>\n<meta property=\"og:type\" content=\"article\" \/>\n<meta property=\"og:title\" content=\"Chute para Escombro - SpiroChutes \/\/\/\" \/>\n<meta property=\"og:description\" content=\"Contamos con un Chute para Escombro en secciones que se puede armar f\u00e1cilmente en obra por personal del cliente. La construcci\u00f3n est\u00e1ndar se soporta en cada nivel del edificio y consta de 1 secci\u00f3n de boca de admisi\u00f3n y 3 o m\u00e1s secciones rectas, sujetadas por una cadena que se ajusta f\u00e1cilmente a la altura del entrepiso.\" \/>\n<meta property=\"og:url\" content=\"https:\/\/spirochutes.com.mx\/?page_id=301\" \/>\n<meta property=\"og:site_name\" content=\"SpiroChutes \/\/\/\" \/>\n<meta property=\"article:publisher\" content=\"https:\/\/www.facebook.com\/Spiroducto-de-Jalisco-168720126616063\/?ref=ts&amp;amp%3bamp%3bamp%3bfref=ts\" \/>\n<meta property=\"article:modified_time\" content=\"2024-04-03T00:48:23+00:00\" \/>\n<meta name=\"twitter:card\" content=\"summary_large_image\" \/>\n<meta name=\"twitter:site\" content=\"@Spiroducto_Jal\" \/>\n<meta name=\"twitter:label1\" content=\"Tiempo de lectura\" \/>\n\t<meta name=\"twitter:data1\" content=\"3 minutos\" \/>\n<script type=\"application\/ld+json\" class=\"yoast-schema-graph\">{\"@context\":\"https:\\\/\\\/schema.org\",\"@graph\":[{\"@type\":\"WebPage\",\"@id\":\"https:\\\/\\\/spirochutes.com.mx\\\/?page_id=301\",\"url\":\"https:\\\/\\\/spirochutes.com.mx\\\/?page_id=301\",\"name\":\"Chute para Escombro - SpiroChutes \\\/\\\/\\\/\",\"isPartOf\":{\"@id\":\"https:\\\/\\\/spirochutes.com.mx\\\/#website\"},\"datePublished\":\"2018-10-16T19:57:15+00:00\",\"dateModified\":\"2024-04-03T00:48:23+00:00\",\"description\":\"Contamos con un Chute para Escombro en secciones que se puede armar f\u00e1cilmente en obra por personal del cliente. La construcci\u00f3n est\u00e1ndar se soporta en cada nivel del edificio y consta de 1 secci\u00f3n de boca de admisi\u00f3n y 3 o m\u00e1s secciones rectas, sujetadas por una cadena que se ajusta f\u00e1cilmente a la altura del entrepiso.\",\"breadcrumb\":{\"@id\":\"https:\\\/\\\/spirochutes.com.mx\\\/?page_id=301#breadcrumb\"},\"inLanguage\":\"es\",\"potentialAction\":[{\"@type\":\"ReadAction\",\"target\":[\"https:\\\/\\\/spirochutes.com.mx\\\/?page_id=301\"]}]},{\"@type\":\"BreadcrumbList\",\"@id\":\"https:\\\/\\\/spirochutes.com.mx\\\/?page_id=301#breadcrumb\",\"itemListElement\":[{\"@type\":\"ListItem\",\"position\":1,\"name\":\"Inicio\",\"item\":\"https:\\\/\\\/spirochutes.com.mx\\\/\"},{\"@type\":\"ListItem\",\"position\":2,\"name\":\"Chute para Escombro\"}]},{\"@type\":\"WebSite\",\"@id\":\"https:\\\/\\\/spirochutes.com.mx\\\/#website\",\"url\":\"https:\\\/\\\/spirochutes.com.mx\\\/\",\"name\":\"SpiroChutes \\\/\\\/\\\/\",\"description\":\"Ductos Verticales de M\u00e9xico SA de CV\",\"potentialAction\":[{\"@type\":\"SearchAction\",\"target\":{\"@type\":\"EntryPoint\",\"urlTemplate\":\"https:\\\/\\\/spirochutes.com.mx\\\/?s={search_term_string}\"},\"query-input\":{\"@type\":\"PropertyValueSpecification\",\"valueRequired\":true,\"valueName\":\"search_term_string\"}}],\"inLanguage\":\"es\"}]}<\/script>\n<!-- \/ Yoast SEO plugin. -->","yoast_head_json":{"title":"Chute para Escombro - SpiroChutes \/\/\/","description":"Contamos con un Chute para Escombro en secciones que se puede armar f\u00e1cilmente en obra por personal del cliente. La construcci\u00f3n est\u00e1ndar se soporta en cada nivel del edificio y consta de 1 secci\u00f3n de boca de admisi\u00f3n y 3 o m\u00e1s secciones rectas, sujetadas por una cadena que se ajusta f\u00e1cilmente a la altura del entrepiso.","robots":{"index":"index","follow":"follow","max-snippet":"max-snippet:-1","max-image-preview":"max-image-preview:large","max-video-preview":"max-video-preview:-1"},"canonical":"https:\/\/spirochutes.com.mx\/?page_id=301","og_locale":"es_MX","og_type":"article","og_title":"Chute para Escombro - SpiroChutes \/\/\/","og_description":"Contamos con un Chute para Escombro en secciones que se puede armar f\u00e1cilmente en obra por personal del cliente. La construcci\u00f3n est\u00e1ndar se soporta en cada nivel del edificio y consta de 1 secci\u00f3n de boca de admisi\u00f3n y 3 o m\u00e1s secciones rectas, sujetadas por una cadena que se ajusta f\u00e1cilmente a la altura del entrepiso.","og_url":"https:\/\/spirochutes.com.mx\/?page_id=301","og_site_name":"SpiroChutes \/\/\/","article_publisher":"https:\/\/www.facebook.com\/Spiroducto-de-Jalisco-168720126616063\/?ref=ts&amp%3bamp%3bamp%3bfref=ts","article_modified_time":"2024-04-03T00:48:23+00:00","twitter_card":"summary_large_image","twitter_site":"@Spiroducto_Jal","twitter_misc":{"Tiempo de lectura":"3 minutos"},"schema":{"@context":"https:\/\/schema.org","@graph":[{"@type":"WebPage","@id":"https:\/\/spirochutes.com.mx\/?page_id=301","url":"https:\/\/spirochutes.com.mx\/?page_id=301","name":"Chute para Escombro - SpiroChutes \/\/\/","isPartOf":{"@id":"https:\/\/spirochutes.com.mx\/#website"},"datePublished":"2018-10-16T19:57:15+00:00","dateModified":"2024-04-03T00:48:23+00:00","description":"Contamos con un Chute para Escombro en secciones que se puede armar f\u00e1cilmente en obra por personal del cliente. La construcci\u00f3n est\u00e1ndar se soporta en cada nivel del edificio y consta de 1 secci\u00f3n de boca de admisi\u00f3n y 3 o m\u00e1s secciones rectas, sujetadas por una cadena que se ajusta f\u00e1cilmente a la altura del entrepiso.","breadcrumb":{"@id":"https:\/\/spirochutes.com.mx\/?page_id=301#breadcrumb"},"inLanguage":"es","potentialAction":[{"@type":"ReadAction","target":["https:\/\/spirochutes.com.mx\/?page_id=301"]}]},{"@type":"BreadcrumbList","@id":"https:\/\/spirochutes.com.mx\/?page_id=301#breadcrumb","itemListElement":[{"@type":"ListItem","position":1,"name":"Inicio","item":"https:\/\/spirochutes.com.mx\/"},{"@type":"ListItem","position":2,"name":"Chute para Escombro"}]},{"@type":"WebSite","@id":"https:\/\/spirochutes.com.mx\/#website","url":"https:\/\/spirochutes.com.mx\/","name":"SpiroChutes \/\/\/","description":"Ductos Verticales de M\u00e9xico SA de CV","potentialAction":[{"@type":"SearchAction","target":{"@type":"EntryPoint","urlTemplate":"https:\/\/spirochutes.com.mx\/?s={search_term_string}"},"query-input":{"@type":"PropertyValueSpecification","valueRequired":true,"valueName":"search_term_string"}}],"inLanguage":"es"}]}},"_links":{"self":[{"href":"https:\/\/spirochutes.com.mx\/index.php?rest_route=\/wp\/v2\/pages\/301","targetHints":{"allow":["GET"]}}],"collection":[{"href":"https:\/\/spirochutes.com.mx\/index.php?rest_route=\/wp\/v2\/pages"}],"about":[{"href":"https:\/\/spirochutes.com.mx\/index.php?rest_route=\/wp\/v2\/types\/page"}],"author":[{"embeddable":true,"href":"https:\/\/spirochutes.com.mx\/index.php?rest_route=\/wp\/v2\/users\/1"}],"replies":[{"embeddable":true,"href":"https:\/\/spirochutes.com.mx\/index.php?rest_route=%2Fwp%2Fv2%2Fcomments&post=301"}],"version-history":[{"count":24,"href":"https:\/\/spirochutes.com.mx\/index.php?rest_route=\/wp\/v2\/pages\/301\/revisions"}],"predecessor-version":[{"id":575,"href":"https:\/\/spirochutes.com.mx\/index.php?rest_route=\/wp\/v2\/pages\/301\/revisions\/575"}],"wp:attachment":[{"href":"https:\/\/spirochutes.com.mx\/index.php?rest_route=%2Fwp%2Fv2%2Fmedia&parent=301"}],"curies":[{"name":"wp","href":"https:\/\/api.w.org\/{rel}","templated":true}]}}